{"id":614,"date":"2024-11-04T04:30:26","date_gmt":"2024-11-04T04:30:26","guid":{"rendered":"https:\/\/themegavias.com\/wp\/travivu\/?page_id=29"},"modified":"2025-10-03T15:36:23","modified_gmt":"2025-10-03T20:36:23","slug":"sobre-nosotros","status":"publish","type":"page","link":"https:\/\/peruessence.pe\/es\/sobre-nosotros\/","title":{"rendered":"Sobre Nostros"},"content":{"rendered":"<div data-elementor-type=\"wp-page\" data-elementor-id=\"614\" class=\"elementor elementor-614\">\n\t\t\t\t<div class=\"elementor-element elementor-element-27b6231 e-con-full e-flex e-con e-parent\" data-id=\"27b6231\" data-element_type=\"container\" data-e-type=\"container\" data-settings=\"{&quot;background_background&quot;:&quot;classic&quot;}\">\n\t\t<div class=\"elementor-element elementor-element-31d7643 e-con-full e-flex e-con e-child\" data-id=\"31d7643\" data-element_type=\"container\" data-e-type=\"container\">\n\t\t\t\t<div class=\"elementor-element elementor-element-65075b9 elementor-widget elementor-widget-gva_post_breadcrumb\" data-id=\"65075b9\" data-element_type=\"widget\" data-e-type=\"widget\" data-widget_type=\"gva_post_breadcrumb.default\">\n\t\t\t\t<div class=\"elementor-widget-container\">\n\t\t\t\t\t<div class=\"gva-element-gva_post_breadcrumb gva-element\">   \r\n<div class=\"post-breadcrumb\">\r\n   <div class=\"custom-breadcrumb\" >\r\n            <div class=\"breadcrumb-main\">\r\n        <div class=\"container\">\r\n          <div class=\"breadcrumb-container-inner\">\r\n            <h1 class=\"heading-title\">Sobre Nostros<\/h1><ol class=\"breadcrumb\"><li><a href=\"https:\/\/peruessence.pe\/es\">Inicio<\/a> <\/li> <li class=\"active\">P\u00e1gina<\/li><\/ol>          <\/div>  \r\n        <\/div>   \r\n      <\/div>  \r\n   <\/div>\r\n<\/div>      \r\n\r\n<\/div>\t\t\t\t<\/div>\n\t\t\t\t<\/div>\n\t\t\t\t<\/div>\n\t\t\t\t<\/div>\n\t\t<div class=\"elementor-element elementor-element-fdaa758 knowus e-flex e-con-boxed e-con e-parent\" data-id=\"fdaa758\" data-element_type=\"container\" data-e-type=\"container\" id=\"knowus\">\n\t\t\t\t\t<div class=\"e-con-inner\">\n\t\t<div class=\"elementor-element elementor-element-41d577c e-con-full e-flex e-con e-child\" data-id=\"41d577c\" data-element_type=\"container\" data-e-type=\"container\" data-settings=\"{&quot;background_background&quot;:&quot;classic&quot;}\">\n\t\t\t\t<div class=\"elementor-element elementor-element-d4af16d elementor-widget elementor-widget-gva-heading-block\" data-id=\"d4af16d\" data-element_type=\"widget\" data-e-type=\"widget\" data-widget_type=\"gva-heading-block.default\">\n\t\t\t\t<div class=\"elementor-widget-container\">\n\t\t\t\t\t<div class=\"gva-element-gva-heading-block gva-element\">\r\n   <div class=\"align-left style-1 widget gsc-heading box-align-left auto-responsive\">\r\n      \r\n      <div class=\"content-inner\">\r\n                  \r\n         <div class=\"sub-title\"><span class=\"tagline\">CON\u00d3CENOS<\/span><\/div>  \r\n         \r\n                     <h2 class=\"title\">\r\n               <span>Experimente Cusco y Puno con Peru Essence<\/span>\r\n            <\/h2>\r\n                  \r\n                     <div class=\"title-desc\">Descubre la magia de los Andes en un viaje \u00fanico que conecta historia, cultura y naturaleza. Cusco, la antigua capital del Imperio Inca, y Puno, cuna del majestuoso Lago Titicaca, te esperan con experiencias aut\u00e9nticas y memorables.<\/div>\r\n         \r\n               <\/div>\r\n\r\n   <\/div>\r\n\r\n<\/div>\t\t\t\t<\/div>\n\t\t\t\t<\/div>\n\t\t\t\t<div class=\"elementor-element elementor-element-6c9bcdf elementor-widget elementor-widget-gva-image-content\" data-id=\"6c9bcdf\" data-element_type=\"widget\" data-e-type=\"widget\" data-widget_type=\"gva-image-content.default\">\n\t\t\t\t<div class=\"elementor-widget-container\">\n\t\t\t\t\t<div class=\"gva-element-gva-image-content gva-element\">\t\t\r\n  \r\n\t \r\n\r\n \r\n\r\n\r\n \r\n  \r\n  \t<div class=\"about-five__single\">\r\n\t  \t<div class=\"about-five__image\"><div class=\"content-inner\"><img decoding=\"async\" src=\"https:\/\/peruessence.pe\/wp-content\/uploads\/2025\/09\/Sayacmarca_PeruEssence.jpg\" alt=\"\"><\/div><\/div>\t<\/div>\r\n \r\n\r\n  \r\n \r\n\r\n \r\n\r\n\r\n\t<\/div>\t\t\t\t<\/div>\n\t\t\t\t<\/div>\n\t\t\t\t<\/div>\n\t\t<div class=\"elementor-element elementor-element-d82304e e-con-full e-flex e-con e-child\" data-id=\"d82304e\" data-element_type=\"container\" data-e-type=\"container\">\n\t\t\t\t<div class=\"elementor-element elementor-element-0d2dc50 elementor-widget elementor-widget-gva-image-content\" data-id=\"0d2dc50\" data-element_type=\"widget\" data-e-type=\"widget\" data-widget_type=\"gva-image-content.default\">\n\t\t\t\t<div class=\"elementor-widget-container\">\n\t\t\t\t\t<div class=\"gva-element-gva-image-content gva-element\">\t\t\r\n  \r\n\t \r\n\r\n \r\n\r\n\r\n \r\n  \r\n  \t<div class=\"about-five__single\">\r\n\t  \t<div class=\"about-five__image\"><div class=\"content-inner\">\t\t  <a href=\"#\">\r\n\t\t\t <img decoding=\"async\" src=\"https:\/\/peruessence.pe\/wp-content\/uploads\/2025\/02\/Slider_Machupicchu_PeruEssence.jpg\" alt=\"Lugares Hermosos\" \/>\t\t  <\/a>\r\n\t\t  <div class=\"about-five__title\">Lugares Hermosos<\/div><\/div><\/div><div class=\"about-five__image-second\"><div class=\"content-inner\">\t\t  <a href=\"#\">\r\n\t\t\t <img decoding=\"async\" src=\"https:\/\/peruessence.pe\/wp-content\/uploads\/2025\/09\/Amantani_PeruEssence.jpg\" alt=\"Lugares Hermosos\" \/>\t\t  <\/a>\r\n\t\t  <\/div><\/div>\t<\/div>\r\n \r\n\r\n  \r\n \r\n\r\n \r\n\r\n\r\n\t<\/div>\t\t\t\t<\/div>\n\t\t\t\t<\/div>\n\t\t\t\t<\/div>\n\t\t\t\t\t<\/div>\n\t\t\t\t<\/div>\n\t\t<div class=\"elementor-element elementor-element-56972d72 e-flex e-con-boxed e-con e-parent\" data-id=\"56972d72\" data-element_type=\"container\" data-e-type=\"container\" data-settings=\"{&quot;background_background&quot;:&quot;classic&quot;}\">\n\t\t\t\t\t<div class=\"e-con-inner\">\n\t\t<div class=\"elementor-element elementor-element-7e99b28b e-con-full e-flex e-con e-child\" data-id=\"7e99b28b\" data-element_type=\"container\" data-e-type=\"container\">\n\t\t\t\t<div class=\"elementor-element elementor-element-2e11ddec elementor-widget elementor-widget-gva-heading-block\" data-id=\"2e11ddec\" data-element_type=\"widget\" data-e-type=\"widget\" data-widget_type=\"gva-heading-block.default\">\n\t\t\t\t<div class=\"elementor-widget-container\">\n\t\t\t\t\t<div class=\"gva-element-gva-heading-block gva-element\">\r\n   <div class=\"align-left style-1 widget gsc-heading box-align-left auto-responsive\">\r\n      \r\n      <div class=\"content-inner\">\r\n                  \r\n           \r\n         \r\n                     <h2 class=\"title\">\r\n               <span>Misi\u00f3n<\/span>\r\n            <\/h2>\r\n                  \r\n                     <div class=\"title-desc\">Brindar experiencias tur\u00edsticas aut\u00e9nticas y memorables en el Per\u00fa, a trav\u00e9s de rutas que integran naturaleza, historia y cultura viva, con un servicio c\u00e1lido, responsable y comprometido con la sostenibilidad y el respeto hacia las comunidades locales.<\/div>\r\n         \r\n               <\/div>\r\n\r\n   <\/div>\r\n\r\n<\/div>\t\t\t\t<\/div>\n\t\t\t\t<\/div>\n\t\t\t\t<div class=\"elementor-element elementor-element-a29ca35 elementor-widget elementor-widget-gva-heading-block\" data-id=\"a29ca35\" data-element_type=\"widget\" data-e-type=\"widget\" data-widget_type=\"gva-heading-block.default\">\n\t\t\t\t<div class=\"elementor-widget-container\">\n\t\t\t\t\t<div class=\"gva-element-gva-heading-block gva-element\">\r\n   <div class=\"align-left style-1 widget gsc-heading box-align-left auto-responsive\">\r\n      \r\n      <div class=\"content-inner\">\r\n                  \r\n           \r\n         \r\n                     <h2 class=\"title\">\r\n               <span>Visi\u00f3n<\/span>\r\n            <\/h2>\r\n                  \r\n                     <div class=\"title-desc\">Ser reconocidos como una agencia referente en turismo experiencial en el Per\u00fa, destacando por la innovaci\u00f3n, la autenticidad y la capacidad de transformar cada viaje en una conexi\u00f3n profunda con la cultura andina.<\/div>\r\n         \r\n               <\/div>\r\n\r\n   <\/div>\r\n\r\n<\/div>\t\t\t\t<\/div>\n\t\t\t\t<\/div>\n\t\t\t\t<\/div>\n\t\t\t\t\t<\/div>\n\t\t\t\t<\/div>\n\t\t<div class=\"elementor-element elementor-element-fab950a e-con-full whychooseus e-flex e-con e-parent\" data-id=\"fab950a\" data-element_type=\"container\" data-e-type=\"container\" id=\"whychooseus\" data-settings=\"{&quot;background_background&quot;:&quot;classic&quot;}\">\n\t\t<div class=\"elementor-element elementor-element-7e14e6f e-con-full contain-left e-flex e-con e-child\" data-id=\"7e14e6f\" data-element_type=\"container\" data-e-type=\"container\">\n\t\t<div class=\"elementor-element elementor-element-032a770 e-con-full e-flex e-con e-child\" data-id=\"032a770\" data-element_type=\"container\" data-e-type=\"container\">\n\t\t\t\t<div class=\"elementor-element elementor-element-868c4bf elementor-widget elementor-widget-gva-heading-block\" data-id=\"868c4bf\" data-element_type=\"widget\" data-e-type=\"widget\" data-widget_type=\"gva-heading-block.default\">\n\t\t\t\t<div class=\"elementor-widget-container\">\n\t\t\t\t\t<div class=\"gva-element-gva-heading-block gva-element\">\r\n   <div class=\"align-left style-1 widget gsc-heading box-align-left auto-responsive\">\r\n      \r\n      <div class=\"content-inner\">\r\n                  \r\n         <div class=\"sub-title\"><span class=\"tagline\">POR QU\u00c9 ELEGIRNOS<\/span><\/div>  \r\n         \r\n                     <h2 class=\"title\">\r\n               <span>Por qu\u00e9 Deber\u00eda Elegir\nPeru Essence<\/span>\r\n            <\/h2>\r\n                  \r\n         \r\n               <\/div>\r\n\r\n   <\/div>\r\n\r\n<\/div>\t\t\t\t<\/div>\n\t\t\t\t<\/div>\n\t\t<div class=\"elementor-element elementor-element-a168924 e-con-full e-flex e-con e-child\" data-id=\"a168924\" data-element_type=\"container\" data-e-type=\"container\" data-settings=\"{&quot;background_background&quot;:&quot;classic&quot;}\">\n\t\t<div class=\"elementor-element elementor-element-c13bc9c e-con-full e-flex e-con e-child\" data-id=\"c13bc9c\" data-element_type=\"container\" data-e-type=\"container\">\n\t\t\t\t<div class=\"elementor-element elementor-element-7c719a3 elementor-widget elementor-widget-gva-icon-box-styles\" data-id=\"7c719a3\" data-element_type=\"widget\" data-e-type=\"widget\" data-widget_type=\"gva-icon-box-styles.default\">\n\t\t\t\t<div class=\"elementor-widget-container\">\n\t\t\t\t\t<div class=\"gva-element-gva-icon-box-styles gva-element\">\r\n   \r\n   \r\n\r\n         <div class=\"box-style-three__single\">\r\n         <div class=\"box-style-three__wrap\">\r\n            <div class=\"box-style-three__icon\">\r\n               <i aria-hidden=\"true\" class=\"ticon-travel-2\"><\/i>            <\/div>\r\n            <div class=\"box-style-three__content\">\r\n               <h3 class=\"box-style-three__title\">Profesional<br> y Certificado<\/h3>            <\/div>\r\n         <\/div> \r\n               <\/div>   \r\n      <\/div>\t\t\t\t<\/div>\n\t\t\t\t<\/div>\n\t\t\t\t<\/div>\n\t\t<div class=\"elementor-element elementor-element-43685ff e-con-full e-flex e-con e-child\" data-id=\"43685ff\" data-element_type=\"container\" data-e-type=\"container\">\n\t\t\t\t<div class=\"elementor-element elementor-element-611564b elementor-widget elementor-widget-gva-icon-box-styles\" data-id=\"611564b\" data-element_type=\"widget\" data-e-type=\"widget\" data-widget_type=\"gva-icon-box-styles.default\">\n\t\t\t\t<div class=\"elementor-widget-container\">\n\t\t\t\t\t<div class=\"gva-element-gva-icon-box-styles gva-element\">\r\n   \r\n   \r\n\r\n         <div class=\"box-style-three__single\">\r\n         <div class=\"box-style-three__wrap\">\r\n            <div class=\"box-style-three__icon\">\r\n               <i aria-hidden=\"true\" class=\"ticon-credit-card\"><\/i>            <\/div>\r\n            <div class=\"box-style-three__content\">\r\n               <h3 class=\"box-style-three__title\">El Mejor Precio<br> Garantizado<\/h3>            <\/div>\r\n         <\/div> \r\n               <\/div>   \r\n      <\/div>\t\t\t\t<\/div>\n\t\t\t\t<\/div>\n\t\t\t\t<\/div>\n\t\t<div class=\"elementor-element elementor-element-a089730 e-con-full e-flex e-con e-child\" data-id=\"a089730\" data-element_type=\"container\" data-e-type=\"container\">\n\t\t\t\t<div class=\"elementor-element elementor-element-6094694 elementor-widget elementor-widget-gva-icon-box-styles\" data-id=\"6094694\" data-element_type=\"widget\" data-e-type=\"widget\" data-widget_type=\"gva-icon-box-styles.default\">\n\t\t\t\t<div class=\"elementor-widget-container\">\n\t\t\t\t\t<div class=\"gva-element-gva-icon-box-styles gva-element\">\r\n   \r\n   \r\n\r\n         <div class=\"box-style-three__single\">\r\n         <div class=\"box-style-three__wrap\">\r\n            <div class=\"box-style-three__icon\">\r\n               <i aria-hidden=\"true\" class=\"ticon-online-booking\"><\/i>            <\/div>\r\n            <div class=\"box-style-three__content\">\r\n               <h3 class=\"box-style-three__title\">Obtener Instant\u00e1nea <br>Reservas de Tours<\/h3>            <\/div>\r\n         <\/div> \r\n               <\/div>   \r\n      <\/div>\t\t\t\t<\/div>\n\t\t\t\t<\/div>\n\t\t\t\t<\/div>\n\t\t<div class=\"elementor-element elementor-element-efd5245 e-con-full e-flex e-con e-child\" data-id=\"efd5245\" data-element_type=\"container\" data-e-type=\"container\">\n\t\t\t\t<div class=\"elementor-element elementor-element-569c784 elementor-widget elementor-widget-gva-icon-box-styles\" data-id=\"569c784\" data-element_type=\"widget\" data-e-type=\"widget\" data-widget_type=\"gva-icon-box-styles.default\">\n\t\t\t\t<div class=\"elementor-widget-container\">\n\t\t\t\t\t<div class=\"gva-element-gva-icon-box-styles gva-element\">\r\n   \r\n   \r\n\r\n         <div class=\"box-style-three__single\">\r\n         <div class=\"box-style-three__wrap\">\r\n            <div class=\"box-style-three__icon\">\r\n               <i aria-hidden=\"true\" class=\"ticon-trip-2\"><\/i>            <\/div>\r\n            <div class=\"box-style-three__content\">\r\n               <h3 class=\"box-style-three__title\">Experimentado<br> Gu\u00eda<\/h3>            <\/div>\r\n         <\/div> \r\n               <\/div>   \r\n      <\/div>\t\t\t\t<\/div>\n\t\t\t\t<\/div>\n\t\t\t\t<\/div>\n\t\t\t\t<\/div>\n\t\t\t\t<div class=\"elementor-element elementor-element-bb4510d elementor-widget elementor-widget-html\" data-id=\"bb4510d\" data-element_type=\"widget\" data-e-type=\"widget\" data-widget_type=\"html.default\">\n\t\t\t\t\t<a href=\"https:\/\/peruessence.pe\/es\/tours\/\" class=\"btn-theme-2\">\n    Explore Todos los Tours\n    <\/a>\t\t\t\t<\/div>\n\t\t\t\t<\/div>\n\t\t\t\t<\/div>\n\t\t<div class=\"elementor-element elementor-element-4e8d3f4 e-con-full e-flex e-con e-child\" data-id=\"4e8d3f4\" data-element_type=\"container\" data-e-type=\"container\">\n\t\t\t\t<div class=\"elementor-element elementor-element-bbe3a69 elementor-widget elementor-widget-gva-image-content\" data-id=\"bbe3a69\" data-element_type=\"widget\" data-e-type=\"widget\" data-widget_type=\"gva-image-content.default\">\n\t\t\t\t<div class=\"elementor-widget-container\">\n\t\t\t\t\t<div class=\"gva-element-gva-image-content gva-element\">\t\t\r\n  \r\n\t \r\n\r\n\t<div class=\"about-two__single\">\r\n\t  \t<div class=\"about-two__image\"><div class=\"content-inner\"><img decoding=\"async\" src=\"https:\/\/peruessence.pe\/wp-content\/uploads\/2025\/10\/Worldview_PeruEssence.jpg\" alt=\"\"><\/div><\/div><div class=\"about-two__image-second\"><div class=\"content-inner\"><img decoding=\"async\" src=\"https:\/\/peruessence.pe\/wp-content\/uploads\/2025\/10\/Catarata_PeruEssence.jpg\" alt=\"\"><\/div><\/div>\t<\/div>\r\n \r\n\r\n\r\n \r\n  \r\n \r\n\r\n  \r\n \r\n\r\n \r\n\r\n\r\n\t<\/div>\t\t\t\t<\/div>\n\t\t\t\t<\/div>\n\t\t\t\t<\/div>\n\t\t\t\t<\/div>\n\t\t\t\t<\/div>","protected":false},"excerpt":{"rendered":"<p>About Us Home Page GET TO KNOW US Experience the Cusco &#038; Puno with Peru Essence Discover the magic of the Andes on a unique trip that connects history, culture [&hellip;]<\/p>\n","protected":false},"author":1,"featured_media":0,"parent":0,"menu_order":0,"comment_status":"closed","ping_status":"closed","template":"","meta":{"footnotes":""},"class_list":["post-614","page","type-page","status-publish","hentry"],"_links":{"self":[{"href":"https:\/\/peruessence.pe\/es\/wp-json\/wp\/v2\/pages\/614","targetHints":{"allow":["GET"]}}],"collection":[{"href":"https:\/\/peruessence.pe\/es\/wp-json\/wp\/v2\/pages"}],"about":[{"href":"https:\/\/peruessence.pe\/es\/wp-json\/wp\/v2\/types\/page"}],"author":[{"embeddable":true,"href":"https:\/\/peruessence.pe\/es\/wp-json\/wp\/v2\/users\/1"}],"replies":[{"embeddable":true,"href":"https:\/\/peruessence.pe\/es\/wp-json\/wp\/v2\/comments?post=614"}],"version-history":[{"count":0,"href":"https:\/\/peruessence.pe\/es\/wp-json\/wp\/v2\/pages\/614\/revisions"}],"wp:attachment":[{"href":"https:\/\/peruessence.pe\/es\/wp-json\/wp\/v2\/media?parent=614"}],"curies":[{"name":"wp","href":"https:\/\/api.w.org\/{rel}","templated":true}]}}