{"id":1633,"date":"2025-10-03T11:47:34","date_gmt":"2025-10-03T16:47:34","guid":{"rendered":"https:\/\/peruessence.pe\/?page_id=1633"},"modified":"2025-10-10T08:56:38","modified_gmt":"2025-10-10T13:56:38","slug":"terminos-y-condiciones","status":"publish","type":"page","link":"https:\/\/peruessence.pe\/es\/terminos-y-condiciones\/","title":{"rendered":"T\u00e9rminos y Condiciones"},"content":{"rendered":"<div data-elementor-type=\"wp-page\" data-elementor-id=\"1633\" class=\"elementor elementor-1633\">\n\t\t\t\t<div class=\"elementor-element elementor-element-2ac8e8a7 e-flex e-con-boxed e-con e-parent\" data-id=\"2ac8e8a7\" data-element_type=\"container\" data-e-type=\"container\">\n\t\t\t\t\t<div class=\"e-con-inner\">\n\t\t\t\t<div class=\"elementor-element elementor-element-b39556f elementor-alert-info elementor-widget elementor-widget-alert\" data-id=\"b39556f\" data-element_type=\"widget\" data-e-type=\"widget\" data-widget_type=\"alert.default\">\n\t\t\t\t\t\t\t<div class=\"elementor-alert\" role=\"alert\">\n\n\t\t\t\t\t\t<span class=\"elementor-alert-title\">T\u00c9RMINOS Y CONDICIONES DE USO DEL CANAL DIGITAL<\/span>\n\t\t\t\n\t\t\t\n\t\t\t\n\t\t<\/div>\n\t\t\t\t\t\t<\/div>\n\t\t\t\t<div class=\"elementor-element elementor-element-5536160 elementor-widget elementor-widget-text-editor\" data-id=\"5536160\" data-element_type=\"widget\" data-e-type=\"widget\" data-widget_type=\"text-editor.default\">\n\t\t\t\t\t\t\t\t\t<p>Todas las personas que deseen realizar una reserva deben leer atentamente los siguientes t\u00e9rminos y condiciones. Su contrato es con Per\u00fa Essence S. A. C., registrada en Cusco, Per\u00fa. Estas condiciones se aplican a su reserva y forman parte de su contrato. Al realizar la reserva, usted acepta en su nombre y en el de todas las personas nombradas en la reserva (incluidos menores y personas con condiciones especiales) estar sujeto a estos t\u00e9rminos. Existir\u00e1 un contrato cuando aceptemos su reserva y emitamos nuestra factura de confirmaci\u00f3n o correo electr\u00f3nico.<\/p><p>Este acuerdo se rige por la legislaci\u00f3n peruana y est\u00e1 sujeto a la jurisdicci\u00f3n exclusiva de los tribunales peruanos. Toda la correspondencia se enviar\u00e1 al pasajero principal a menos que se indique lo contrario. Debes tener al menos 18 a\u00f1os para reservar un tour con Per\u00fa Essence. Los tours no son para reventa.<\/p>\t\t\t\t\t\t\t\t<\/div>\n\t\t\t\t<div class=\"elementor-element elementor-element-fa60c04 child-protection elementor-widget elementor-widget-n-accordion\" data-id=\"fa60c04\" data-element_type=\"widget\" data-e-type=\"widget\" id=\"child-protection\" data-settings=\"{&quot;default_state&quot;:&quot;expanded&quot;,&quot;max_items_expended&quot;:&quot;one&quot;,&quot;n_accordion_animation_duration&quot;:{&quot;unit&quot;:&quot;ms&quot;,&quot;size&quot;:400,&quot;sizes&quot;:[]}}\" data-widget_type=\"nested-accordion.default\">\n\t\t\t\t\t\t\t<div class=\"e-n-accordion\" aria-label=\"Accordion. Open links with Enter or Space, close with Escape, and navigate with Arrow Keys\">\n\t\t\t\t\t\t<details id=\"e-n-accordion-item-2620\" class=\"e-n-accordion-item\" open>\n\t\t\t\t<summary class=\"e-n-accordion-item-title\" data-accordion-index=\"1\" tabindex=\"0\" aria-expanded=\"true\" aria-controls=\"e-n-accordion-item-2620\" >\n\t\t\t\t\t<span class='e-n-accordion-item-title-header'><div class=\"e-n-accordion-item-title-text\"> 1. ACEPTACI\u00d3N DE LOS T\u00c9RMINOS <\/div><\/span>\n\t\t\t\t\t\t\t<span class='e-n-accordion-item-title-icon'>\n\t\t\t<span class='e-opened' ><i aria-hidden=\"true\" class=\"fas fa-minus\"><\/i><\/span>\n\t\t\t<span class='e-closed'><i aria-hidden=\"true\" class=\"fas fa-plus\"><\/i><\/span>\n\t\t<\/span>\n\n\t\t\t\t\t\t<\/summary>\n\t\t\t\t<div role=\"region\" aria-labelledby=\"e-n-accordion-item-2620\" class=\"elementor-element elementor-element-172369f e-con-full e-flex e-con e-child\" data-id=\"172369f\" data-element_type=\"container\" data-e-type=\"container\">\n\t\t<div role=\"region\" aria-labelledby=\"e-n-accordion-item-2620\" class=\"elementor-element elementor-element-834fdcf e-flex e-con-boxed e-con e-child\" data-id=\"834fdcf\" data-element_type=\"container\" data-e-type=\"container\">\n\t\t\t\t\t<div class=\"e-con-inner\">\n\t\t\t\t<div class=\"elementor-element elementor-element-a361ce6 elementor-widget elementor-widget-text-editor\" data-id=\"a361ce6\" data-element_type=\"widget\" data-e-type=\"widget\" data-widget_type=\"text-editor.default\">\n\t\t\t\t\t\t\t\t\t<p>Al acceder a nuestro sitio web o canales digitales, aceptas estos t\u00e9rminos y condiciones. Si no est\u00e1s de acuerdo, te recomendamos no utilizar nuestros servicios en l\u00ednea.<\/p>\t\t\t\t\t\t\t\t<\/div>\n\t\t\t\t\t<\/div>\n\t\t\t\t<\/div>\n\t\t\t\t<\/div>\n\t\t\t\t\t<\/details>\n\t\t\t\t\t\t<details id=\"e-n-accordion-item-2621\" class=\"e-n-accordion-item\" >\n\t\t\t\t<summary class=\"e-n-accordion-item-title\" data-accordion-index=\"2\" tabindex=\"-1\" aria-expanded=\"false\" aria-controls=\"e-n-accordion-item-2621\" >\n\t\t\t\t\t<span class='e-n-accordion-item-title-header'><div class=\"e-n-accordion-item-title-text\"> 2. SERVICIOS OFRECIDOS <\/div><\/span>\n\t\t\t\t\t\t\t<span class='e-n-accordion-item-title-icon'>\n\t\t\t<span class='e-opened' ><i aria-hidden=\"true\" class=\"fas fa-minus\"><\/i><\/span>\n\t\t\t<span class='e-closed'><i aria-hidden=\"true\" class=\"fas fa-plus\"><\/i><\/span>\n\t\t<\/span>\n\n\t\t\t\t\t\t<\/summary>\n\t\t\t\t<div role=\"region\" aria-labelledby=\"e-n-accordion-item-2621\" class=\"elementor-element elementor-element-7f99332 e-con-full e-flex e-con e-child\" data-id=\"7f99332\" data-element_type=\"container\" data-e-type=\"container\">\n\t\t<div role=\"region\" aria-labelledby=\"e-n-accordion-item-2621\" class=\"elementor-element elementor-element-1dea33b e-flex e-con-boxed e-con e-child\" data-id=\"1dea33b\" data-element_type=\"container\" data-e-type=\"container\">\n\t\t\t\t\t<div class=\"e-con-inner\">\n\t\t\t\t<div class=\"elementor-element elementor-element-485c909 elementor-widget elementor-widget-text-editor\" data-id=\"485c909\" data-element_type=\"widget\" data-e-type=\"widget\" data-widget_type=\"text-editor.default\">\n\t\t\t\t\t\t\t\t\t<p><strong>Peru Essence<\/strong> ofrece la reserva, organizaci\u00f3n y venta de servicios tur\u00edsticos (paquetes, excursiones, alojamiento, transporte y experiencias personalizadas) operados directamente o a trav\u00e9s de terceros confiables.<\/p>\t\t\t\t\t\t\t\t<\/div>\n\t\t\t\t\t<\/div>\n\t\t\t\t<\/div>\n\t\t\t\t<\/div>\n\t\t\t\t\t<\/details>\n\t\t\t\t\t\t<details id=\"e-n-accordion-item-2622\" class=\"e-n-accordion-item\" >\n\t\t\t\t<summary class=\"e-n-accordion-item-title\" data-accordion-index=\"3\" tabindex=\"-1\" aria-expanded=\"false\" aria-controls=\"e-n-accordion-item-2622\" >\n\t\t\t\t\t<span class='e-n-accordion-item-title-header'><div class=\"e-n-accordion-item-title-text\"> 3. USO ADECUADO DEL CANAL DIGITAL <\/div><\/span>\n\t\t\t\t\t\t\t<span class='e-n-accordion-item-title-icon'>\n\t\t\t<span class='e-opened' ><i aria-hidden=\"true\" class=\"fas fa-minus\"><\/i><\/span>\n\t\t\t<span class='e-closed'><i aria-hidden=\"true\" class=\"fas fa-plus\"><\/i><\/span>\n\t\t<\/span>\n\n\t\t\t\t\t\t<\/summary>\n\t\t\t\t<div role=\"region\" aria-labelledby=\"e-n-accordion-item-2622\" class=\"elementor-element elementor-element-703ee85 e-con-full e-flex e-con e-child\" data-id=\"703ee85\" data-element_type=\"container\" data-e-type=\"container\">\n\t\t<div role=\"region\" aria-labelledby=\"e-n-accordion-item-2622\" class=\"elementor-element elementor-element-70cda23 e-flex e-con-boxed e-con e-child\" data-id=\"70cda23\" data-element_type=\"container\" data-e-type=\"container\">\n\t\t\t\t\t<div class=\"e-con-inner\">\n\t\t\t\t<div class=\"elementor-element elementor-element-832fbd0 elementor-widget elementor-widget-text-editor\" data-id=\"832fbd0\" data-element_type=\"widget\" data-e-type=\"widget\" data-widget_type=\"text-editor.default\">\n\t\t\t\t\t\t\t\t\t<p>El usuario se compromete a:<\/p><ul><li>\u2022\tProporcionar informaci\u00f3n veraz y actualizada.<\/li><li>\u2022\tNo usar el sitio con fines il\u00edcitos o que afecten el funcionamiento del servicio.<\/li><li>\u2022\tRespetar los derechos de propiedad intelectual de Per\u00fa Essence.<\/li><\/ul>\t\t\t\t\t\t\t\t<\/div>\n\t\t\t\t\t<\/div>\n\t\t\t\t<\/div>\n\t\t\t\t<\/div>\n\t\t\t\t\t<\/details>\n\t\t\t\t\t\t<details id=\"e-n-accordion-item-2623\" class=\"e-n-accordion-item\" >\n\t\t\t\t<summary class=\"e-n-accordion-item-title\" data-accordion-index=\"4\" tabindex=\"-1\" aria-expanded=\"false\" aria-controls=\"e-n-accordion-item-2623\" >\n\t\t\t\t\t<span class='e-n-accordion-item-title-header'><div class=\"e-n-accordion-item-title-text\"> 4. POL\u00cdTICA DE COBRO <\/div><\/span>\n\t\t\t\t\t\t\t<span class='e-n-accordion-item-title-icon'>\n\t\t\t<span class='e-opened' ><i aria-hidden=\"true\" class=\"fas fa-minus\"><\/i><\/span>\n\t\t\t<span class='e-closed'><i aria-hidden=\"true\" class=\"fas fa-plus\"><\/i><\/span>\n\t\t<\/span>\n\n\t\t\t\t\t\t<\/summary>\n\t\t\t\t<div role=\"region\" aria-labelledby=\"e-n-accordion-item-2623\" class=\"elementor-element elementor-element-b6acf6b e-con-full e-flex e-con e-child\" data-id=\"b6acf6b\" data-element_type=\"container\" data-e-type=\"container\">\n\t\t<div role=\"region\" aria-labelledby=\"e-n-accordion-item-2623\" class=\"elementor-element elementor-element-ed9cf15 e-flex e-con-boxed e-con e-child\" data-id=\"ed9cf15\" data-element_type=\"container\" data-e-type=\"container\">\n\t\t\t\t\t<div class=\"e-con-inner\">\n\t\t\t\t<div class=\"elementor-element elementor-element-d13cff1 elementor-widget elementor-widget-text-editor\" data-id=\"d13cff1\" data-element_type=\"widget\" data-e-type=\"widget\" data-widget_type=\"text-editor.default\">\n\t\t\t\t\t\t\t\t\t<ul><li>\u2022\tTodos los precios se expresan en d\u00f3lares estadounidenses (USD).<\/li><li>\u2022\tLos pagos pueden realizarse mediante transferencia, dep\u00f3sito bancario o pasarelas de pago seguras.<\/li><li>\u2022\tLas reservas se confirman \u00fanicamente tras el abono del monto correspondiente o el pago inicial indicado en la cotizaci\u00f3n.<\/li><li><em>\u2022\tLas comisiones, cargos o recargos aplicados por las pasarelas o medios de pago (bancos, plataformas digitales, operadores de tarjeta) corren por cuenta del cliente. Per\u00fa Essence no se hace responsable de cubrir dichos costos.<\/em><\/li><\/ul>\t\t\t\t\t\t\t\t<\/div>\n\t\t\t\t\t<\/div>\n\t\t\t\t<\/div>\n\t\t\t\t<\/div>\n\t\t\t\t\t<\/details>\n\t\t\t\t\t\t<details id=\"e-n-accordion-item-2624\" class=\"e-n-accordion-item\" >\n\t\t\t\t<summary class=\"e-n-accordion-item-title\" data-accordion-index=\"5\" tabindex=\"-1\" aria-expanded=\"false\" aria-controls=\"e-n-accordion-item-2624\" >\n\t\t\t\t\t<span class='e-n-accordion-item-title-header'><div class=\"e-n-accordion-item-title-text\"> 5. POL\u00cdTICA DE CANCELACI\u00d3N Y REEMBOLSO <\/div><\/span>\n\t\t\t\t\t\t\t<span class='e-n-accordion-item-title-icon'>\n\t\t\t<span class='e-opened' ><i aria-hidden=\"true\" class=\"fas fa-minus\"><\/i><\/span>\n\t\t\t<span class='e-closed'><i aria-hidden=\"true\" class=\"fas fa-plus\"><\/i><\/span>\n\t\t<\/span>\n\n\t\t\t\t\t\t<\/summary>\n\t\t\t\t<div role=\"region\" aria-labelledby=\"e-n-accordion-item-2624\" class=\"elementor-element elementor-element-b5e8662 e-con-full e-flex e-con e-child\" data-id=\"b5e8662\" data-element_type=\"container\" data-e-type=\"container\">\n\t\t<div role=\"region\" aria-labelledby=\"e-n-accordion-item-2624\" class=\"elementor-element elementor-element-21d6f7a e-flex e-con-boxed e-con e-child\" data-id=\"21d6f7a\" data-element_type=\"container\" data-e-type=\"container\">\n\t\t\t\t\t<div class=\"e-con-inner\">\n\t\t\t\t<div class=\"elementor-element elementor-element-f2bc80c elementor-widget elementor-widget-text-editor\" data-id=\"f2bc80c\" data-element_type=\"widget\" data-e-type=\"widget\" data-widget_type=\"text-editor.default\">\n\t\t\t\t\t\t\t\t\t<ul><li>\u2022\tSi el cliente cancela con m\u00e1s de 30 d\u00edas de anticipaci\u00f3n al inicio del servicio, se retendr\u00e1 solo el 50 % del total por gastos administrativos.<\/li><li>\u2022\tSi la cancelaci\u00f3n ocurre entre 15 y 29 d\u00edas, se retendr\u00e1 el 70 % del monto total.<\/li><li>\u2022\tCancelaciones con menos de 14 d\u00edas o no presentaciones (no show) no son reembolsables.<\/li><li>\u2022\tEn caso de fuerza mayor (huelgas, desastres naturales, cierres de rutas, decisiones gubernamentales), Per\u00fa Essence gestionar\u00e1 la reprogramaci\u00f3n o el reembolso parcial seg\u00fan las pol\u00edticas de los proveedores involucrados.<\/li><\/ul>\t\t\t\t\t\t\t\t<\/div>\n\t\t\t\t\t<\/div>\n\t\t\t\t<\/div>\n\t\t\t\t<\/div>\n\t\t\t\t\t<\/details>\n\t\t\t\t\t\t<details id=\"e-n-accordion-item-2625\" class=\"e-n-accordion-item\" >\n\t\t\t\t<summary class=\"e-n-accordion-item-title\" data-accordion-index=\"6\" tabindex=\"-1\" aria-expanded=\"false\" aria-controls=\"e-n-accordion-item-2625\" >\n\t\t\t\t\t<span class='e-n-accordion-item-title-header'><div class=\"e-n-accordion-item-title-text\"> 6. MODIFICACIONES DE SERVICIOS <\/div><\/span>\n\t\t\t\t\t\t\t<span class='e-n-accordion-item-title-icon'>\n\t\t\t<span class='e-opened' ><i aria-hidden=\"true\" class=\"fas fa-minus\"><\/i><\/span>\n\t\t\t<span class='e-closed'><i aria-hidden=\"true\" class=\"fas fa-plus\"><\/i><\/span>\n\t\t<\/span>\n\n\t\t\t\t\t\t<\/summary>\n\t\t\t\t<div role=\"region\" aria-labelledby=\"e-n-accordion-item-2625\" class=\"elementor-element elementor-element-efa8482 e-con-full e-flex e-con e-child\" data-id=\"efa8482\" data-element_type=\"container\" data-e-type=\"container\">\n\t\t<div role=\"region\" aria-labelledby=\"e-n-accordion-item-2625\" class=\"elementor-element elementor-element-5cee094 e-flex e-con-boxed e-con e-child\" data-id=\"5cee094\" data-element_type=\"container\" data-e-type=\"container\">\n\t\t\t\t\t<div class=\"e-con-inner\">\n\t\t\t\t<div class=\"elementor-element elementor-element-97d2e04 elementor-widget elementor-widget-text-editor\" data-id=\"97d2e04\" data-element_type=\"widget\" data-e-type=\"widget\" data-widget_type=\"text-editor.default\">\n\t\t\t\t\t\t\t\t\t<p>Per\u00fa Essence se reserva el derecho de modificar itinerarios, proveedores o fechas cuando existan causas justificadas que escapen a su control, garantizando siempre una alternativa equivalente o superior.<\/p><p>Varios de los servicios ofrecidos son brindados por terceros (aerol\u00edneas, hoteles, operadores locales, transportistas) que mantienen sus propias pol\u00edticas y condiciones. En situaciones de cancelaci\u00f3n, cambios o fuerza mayor, Per\u00fa Essence se acoge a las disposiciones y pol\u00edticas de dichos terceros, las cuales ser\u00e1n debidamente comunicadas al usuario antes o durante la ejecuci\u00f3n del servicio.<\/p>\t\t\t\t\t\t\t\t<\/div>\n\t\t\t\t\t<\/div>\n\t\t\t\t<\/div>\n\t\t\t\t<\/div>\n\t\t\t\t\t<\/details>\n\t\t\t\t\t\t<details id=\"e-n-accordion-item-2626\" class=\"e-n-accordion-item\" >\n\t\t\t\t<summary class=\"e-n-accordion-item-title\" data-accordion-index=\"7\" tabindex=\"-1\" aria-expanded=\"false\" aria-controls=\"e-n-accordion-item-2626\" >\n\t\t\t\t\t<span class='e-n-accordion-item-title-header'><div class=\"e-n-accordion-item-title-text\"> 7. RESPONSABILIDAD <\/div><\/span>\n\t\t\t\t\t\t\t<span class='e-n-accordion-item-title-icon'>\n\t\t\t<span class='e-opened' ><i aria-hidden=\"true\" class=\"fas fa-minus\"><\/i><\/span>\n\t\t\t<span class='e-closed'><i aria-hidden=\"true\" class=\"fas fa-plus\"><\/i><\/span>\n\t\t<\/span>\n\n\t\t\t\t\t\t<\/summary>\n\t\t\t\t<div role=\"region\" aria-labelledby=\"e-n-accordion-item-2626\" class=\"elementor-element elementor-element-824b66c e-con-full e-flex e-con e-child\" data-id=\"824b66c\" data-element_type=\"container\" data-e-type=\"container\">\n\t\t<div role=\"region\" aria-labelledby=\"e-n-accordion-item-2626\" class=\"elementor-element elementor-element-39d110e e-flex e-con-boxed e-con e-child\" data-id=\"39d110e\" data-element_type=\"container\" data-e-type=\"container\">\n\t\t\t\t\t<div class=\"e-con-inner\">\n\t\t\t\t<div class=\"elementor-element elementor-element-c8abb8e elementor-widget elementor-widget-text-editor\" data-id=\"c8abb8e\" data-element_type=\"widget\" data-e-type=\"widget\" data-widget_type=\"text-editor.default\">\n\t\t\t\t\t\t\t\t\t<p>Per\u00fa Essence act\u00faa como intermediaria entre el viajero y los proveedores finales (hoteles, transportistas, operadores). No se responsabiliza por p\u00e9rdidas o da\u00f1os derivados de incumplimientos de dichos terceros.<\/p><p>No se asume responsabilidad por hechos fortuitos, demoras o cancelaciones ajenas a nuestro control.\nEn todo caso, la responsabilidad de Per\u00fa Essence se limita al monto efectivamente pagado por el cliente por los servicios contratados con la agencia.<\/p>\t\t\t\t\t\t\t\t<\/div>\n\t\t\t\t\t<\/div>\n\t\t\t\t<\/div>\n\t\t\t\t<\/div>\n\t\t\t\t\t<\/details>\n\t\t\t\t\t\t<details id=\"e-n-accordion-item-2627\" class=\"e-n-accordion-item\" >\n\t\t\t\t<summary class=\"e-n-accordion-item-title\" data-accordion-index=\"8\" tabindex=\"-1\" aria-expanded=\"false\" aria-controls=\"e-n-accordion-item-2627\" >\n\t\t\t\t\t<span class='e-n-accordion-item-title-header'><div class=\"e-n-accordion-item-title-text\"> 8. PROPIEDAD INTELECTUAL <\/div><\/span>\n\t\t\t\t\t\t\t<span class='e-n-accordion-item-title-icon'>\n\t\t\t<span class='e-opened' ><i aria-hidden=\"true\" class=\"fas fa-minus\"><\/i><\/span>\n\t\t\t<span class='e-closed'><i aria-hidden=\"true\" class=\"fas fa-plus\"><\/i><\/span>\n\t\t<\/span>\n\n\t\t\t\t\t\t<\/summary>\n\t\t\t\t<div role=\"region\" aria-labelledby=\"e-n-accordion-item-2627\" class=\"elementor-element elementor-element-3481262 e-con-full e-flex e-con e-child\" data-id=\"3481262\" data-element_type=\"container\" data-e-type=\"container\">\n\t\t<div role=\"region\" aria-labelledby=\"e-n-accordion-item-2627\" class=\"elementor-element elementor-element-62b43b8 e-flex e-con-boxed e-con e-child\" data-id=\"62b43b8\" data-element_type=\"container\" data-e-type=\"container\">\n\t\t\t\t\t<div class=\"e-con-inner\">\n\t\t\t\t<div class=\"elementor-element elementor-element-cec0d93 elementor-widget elementor-widget-text-editor\" data-id=\"cec0d93\" data-element_type=\"widget\" data-e-type=\"widget\" data-widget_type=\"text-editor.default\">\n\t\t\t\t\t\t\t\t\t<p>Todo el contenido del sitio (textos, im\u00e1genes, logotipos, descripciones, videos) pertenece a Per\u00fa Essence y est\u00e1 protegido por la legislaci\u00f3n peruana sobre derechos de autor.<\/p>\t\t\t\t\t\t\t\t<\/div>\n\t\t\t\t\t<\/div>\n\t\t\t\t<\/div>\n\t\t\t\t<\/div>\n\t\t\t\t\t<\/details>\n\t\t\t\t\t\t<details id=\"e-n-accordion-item-2628\" class=\"e-n-accordion-item\" >\n\t\t\t\t<summary class=\"e-n-accordion-item-title\" data-accordion-index=\"9\" tabindex=\"-1\" aria-expanded=\"false\" aria-controls=\"e-n-accordion-item-2628\" >\n\t\t\t\t\t<span class='e-n-accordion-item-title-header'><div class=\"e-n-accordion-item-title-text\"> 9. CONTACTO <\/div><\/span>\n\t\t\t\t\t\t\t<span class='e-n-accordion-item-title-icon'>\n\t\t\t<span class='e-opened' ><i aria-hidden=\"true\" class=\"fas fa-minus\"><\/i><\/span>\n\t\t\t<span class='e-closed'><i aria-hidden=\"true\" class=\"fas fa-plus\"><\/i><\/span>\n\t\t<\/span>\n\n\t\t\t\t\t\t<\/summary>\n\t\t\t\t<div role=\"region\" aria-labelledby=\"e-n-accordion-item-2628\" class=\"elementor-element elementor-element-0912c26 e-con-full e-flex e-con e-child\" data-id=\"0912c26\" data-element_type=\"container\" data-e-type=\"container\">\n\t\t<div role=\"region\" aria-labelledby=\"e-n-accordion-item-2628\" class=\"elementor-element elementor-element-bbac0b4 e-flex e-con-boxed e-con e-child\" data-id=\"bbac0b4\" data-element_type=\"container\" data-e-type=\"container\">\n\t\t\t\t\t<div class=\"e-con-inner\">\n\t\t\t\t<div class=\"elementor-element elementor-element-9d88b85 elementor-widget elementor-widget-text-editor\" data-id=\"9d88b85\" data-element_type=\"widget\" data-e-type=\"widget\" data-widget_type=\"text-editor.default\">\n\t\t\t\t\t\t\t\t\t<p>Para consultas o reclamos sobre cobros, cancelaciones o reembolsos:<\/p><p>info@peruessence.com<br \/>+51 932 570 207 \/ +51 992 125 587<\/p>\t\t\t\t\t\t\t\t<\/div>\n\t\t\t\t\t<\/div>\n\t\t\t\t<\/div>\n\t\t\t\t<\/div>\n\t\t\t\t\t<\/details>\n\t\t\t\t\t\t<details id=\"e-n-accordion-item-2629\" class=\"e-n-accordion-item\" >\n\t\t\t\t<summary class=\"e-n-accordion-item-title\" data-accordion-index=\"10\" tabindex=\"-1\" aria-expanded=\"false\" aria-controls=\"e-n-accordion-item-2629\" >\n\t\t\t\t\t<span class='e-n-accordion-item-title-header'><div class=\"e-n-accordion-item-title-text\"> 10. LEGISLACI\u00d3N APLICABLE <\/div><\/span>\n\t\t\t\t\t\t\t<span class='e-n-accordion-item-title-icon'>\n\t\t\t<span class='e-opened' ><i aria-hidden=\"true\" class=\"fas fa-minus\"><\/i><\/span>\n\t\t\t<span class='e-closed'><i aria-hidden=\"true\" class=\"fas fa-plus\"><\/i><\/span>\n\t\t<\/span>\n\n\t\t\t\t\t\t<\/summary>\n\t\t\t\t<div role=\"region\" aria-labelledby=\"e-n-accordion-item-2629\" class=\"elementor-element elementor-element-a1c6623 e-con-full e-flex e-con e-child\" data-id=\"a1c6623\" data-element_type=\"container\" data-e-type=\"container\">\n\t\t<div role=\"region\" aria-labelledby=\"e-n-accordion-item-2629\" class=\"elementor-element elementor-element-2108d25 e-flex e-con-boxed e-con e-child\" data-id=\"2108d25\" data-element_type=\"container\" data-e-type=\"container\">\n\t\t\t\t\t<div class=\"e-con-inner\">\n\t\t\t\t<div class=\"elementor-element elementor-element-181ac53 elementor-widget elementor-widget-text-editor\" data-id=\"181ac53\" data-element_type=\"widget\" data-e-type=\"widget\" data-widget_type=\"text-editor.default\">\n\t\t\t\t\t\t\t\t\t<p>Estos t\u00e9rminos se rigen por las leyes del Per\u00fa. En caso de controversias, las partes se someten a la jurisdicci\u00f3n de los tribunales de Lima, salvo disposici\u00f3n legal diferente.<\/p>\t\t\t\t\t\t\t\t<\/div>\n\t\t\t\t\t<\/div>\n\t\t\t\t<\/div>\n\t\t\t\t<\/div>\n\t\t\t\t\t<\/details>\n\t\t\t\t\t\t<details id=\"e-n-accordion-item-26210\" class=\"e-n-accordion-item\" >\n\t\t\t\t<summary class=\"e-n-accordion-item-title\" data-accordion-index=\"11\" tabindex=\"-1\" aria-expanded=\"false\" aria-controls=\"e-n-accordion-item-26210\" >\n\t\t\t\t\t<span class='e-n-accordion-item-title-header'><div class=\"e-n-accordion-item-title-text\"> Pol\u00edtica de Protecci\u00f3n Infantil - ESSNA <\/div><\/span>\n\t\t\t\t\t\t\t<span class='e-n-accordion-item-title-icon'>\n\t\t\t<span class='e-opened' ><i aria-hidden=\"true\" class=\"fas fa-minus\"><\/i><\/span>\n\t\t\t<span class='e-closed'><i aria-hidden=\"true\" class=\"fas fa-plus\"><\/i><\/span>\n\t\t<\/span>\n\n\t\t\t\t\t\t<\/summary>\n\t\t\t\t<div role=\"region\" aria-labelledby=\"e-n-accordion-item-26210\" class=\"elementor-element elementor-element-adc7732 e-con-full e-flex e-con e-child\" data-id=\"adc7732\" data-element_type=\"container\" data-e-type=\"container\">\n\t\t<div role=\"region\" aria-labelledby=\"e-n-accordion-item-26210\" class=\"elementor-element elementor-element-1b1f72a e-flex e-con-boxed e-con e-child\" data-id=\"1b1f72a\" data-element_type=\"container\" data-e-type=\"container\">\n\t\t\t\t\t<div class=\"e-con-inner\">\n\t\t\t\t<div class=\"elementor-element elementor-element-01894fa elementor-widget elementor-widget-image\" data-id=\"01894fa\" data-element_type=\"widget\" data-e-type=\"widget\" data-widget_type=\"image.default\">\n\t\t\t\t\t\t\t\t\t\t\t\t\t\t\t<img fetchpriority=\"high\" decoding=\"async\" width=\"768\" height=\"994\" src=\"https:\/\/peruessence.pe\/wp-content\/uploads\/2025\/10\/Certificado-ESSNA-768x994.jpg\" class=\"attachment-medium_large size-medium_large wp-image-1673\" alt=\"\" srcset=\"https:\/\/peruessence.pe\/wp-content\/uploads\/2025\/10\/Certificado-ESSNA-768x994.jpg 768w, https:\/\/peruessence.pe\/wp-content\/uploads\/2025\/10\/Certificado-ESSNA-791x1024.jpg 791w, https:\/\/peruessence.pe\/wp-content\/uploads\/2025\/10\/Certificado-ESSNA-9x12.jpg 9w, https:\/\/peruessence.pe\/wp-content\/uploads\/2025\/10\/Certificado-ESSNA.jpg 1105w\" sizes=\"(max-width: 768px) 100vw, 768px\">\t\t\t\t\t\t\t\t\t\t\t\t\t\t\t<\/div>\n\t\t\t\t\t<\/div>\n\t\t\t\t<\/div>\n\t\t\t\t<\/div>\n\t\t\t\t\t<\/details>\n\t\t\t\t\t<\/div>\n\t\t\t\t\t\t<\/div>\n\t\t\t\t\t<\/div>\n\t\t\t\t<\/div>\n\t\t\t\t<\/div>","protected":false},"excerpt":{"rendered":"<p>TERMS AND CONDITIONS OF USE OF THE DIGITAL CHANNEL All persons wishing to make a reservation should carefully read the following terms and conditions. His contract is with Per\u00fa Essence [&hellip;]<\/p>\n","protected":false},"author":1,"featured_media":0,"parent":0,"menu_order":0,"comment_status":"closed","ping_status":"closed","template":"","meta":{"footnotes":""},"class_list":["post-1633","page","type-page","status-publish","hentry"],"_links":{"self":[{"href":"https:\/\/peruessence.pe\/es\/wp-json\/wp\/v2\/pages\/1633","targetHints":{"allow":["GET"]}}],"collection":[{"href":"https:\/\/peruessence.pe\/es\/wp-json\/wp\/v2\/pages"}],"about":[{"href":"https:\/\/peruessence.pe\/es\/wp-json\/wp\/v2\/types\/page"}],"author":[{"embeddable":true,"href":"https:\/\/peruessence.pe\/es\/wp-json\/wp\/v2\/users\/1"}],"replies":[{"embeddable":true,"href":"https:\/\/peruessence.pe\/es\/wp-json\/wp\/v2\/comments?post=1633"}],"version-history":[{"count":0,"href":"https:\/\/peruessence.pe\/es\/wp-json\/wp\/v2\/pages\/1633\/revisions"}],"wp:attachment":[{"href":"https:\/\/peruessence.pe\/es\/wp-json\/wp\/v2\/media?parent=1633"}],"curies":[{"name":"wp","href":"https:\/\/api.w.org\/{rel}","templated":true}]}}