{"id":1513,"date":"2025-10-02T19:58:14","date_gmt":"2025-10-03T00:58:14","guid":{"rendered":"https:\/\/peruessence.pe\/?page_id=1513"},"modified":"2025-10-02T20:27:13","modified_gmt":"2025-10-03T01:27:13","slug":"destinos","status":"publish","type":"page","link":"https:\/\/peruessence.pe\/es\/destinos\/","title":{"rendered":"Destinos"},"content":{"rendered":"\t\t<div data-elementor-type=\"wp-page\" data-elementor-id=\"1513\" class=\"elementor elementor-1513\">\n\t\t\t\t<div class=\"elementor-element elementor-element-1e2e044 e-con-full e-flex e-con e-parent\" data-id=\"1e2e044\" data-element_type=\"container\" data-e-type=\"container\" data-settings=\"{&quot;background_background&quot;:&quot;slideshow&quot;,&quot;background_slideshow_gallery&quot;:[{&quot;id&quot;:1140,&quot;url&quot;:&quot;https:\\\/\\\/peruessence.pe\\\/wp-content\\\/uploads\\\/2025\\\/02\\\/Slider_Machupicchu_PeruEssence.jpg&quot;},{&quot;id&quot;:1164,&quot;url&quot;:&quot;https:\\\/\\\/peruessence.pe\\\/wp-content\\\/uploads\\\/2025\\\/09\\\/Banner_IncaTrail_PeruEssence.jpg&quot;},{&quot;id&quot;:1143,&quot;url&quot;:&quot;https:\\\/\\\/peruessence.pe\\\/wp-content\\\/uploads\\\/2025\\\/09\\\/Slider_CuscoPuno_PeruEssence.jpg&quot;}],&quot;background_slideshow_ken_burns&quot;:&quot;yes&quot;,&quot;background_slideshow_loop&quot;:&quot;yes&quot;,&quot;background_slideshow_slide_duration&quot;:5000,&quot;background_slideshow_slide_transition&quot;:&quot;fade&quot;,&quot;background_slideshow_transition_duration&quot;:500,&quot;background_slideshow_ken_burns_zoom_direction&quot;:&quot;in&quot;}\">\n\t\t<div class=\"elementor-element elementor-element-5ccebdf e-con-full e-flex e-con e-child\" data-id=\"5ccebdf\" data-element_type=\"container\" data-e-type=\"container\">\n\t\t\t\t<div class=\"elementor-element elementor-element-18d9acb elementor-widget elementor-widget-gva-heading-block\" data-id=\"18d9acb\" data-element_type=\"widget\" data-e-type=\"widget\" data-widget_type=\"gva-heading-block.default\">\n\t\t\t\t<div class=\"elementor-widget-container\">\n\t\t\t\t\t<div class=\"gva-element-gva-heading-block gva-element\">\r\n   <div class=\"align-center style-1 widget gsc-heading box-align-left auto-responsive\">\r\n      \r\n      <div class=\"content-inner\">\r\n                  \r\n           \r\n         \r\n                     <h2 class=\"title\">\r\n               <span>Explore Cusco, Puno & the Sacred Valley<\/span>\r\n            <\/h2>\r\n                  \r\n                     <div class=\"title-desc\">Discover, live, travel<\/div>\r\n         \r\n               <\/div>\r\n\r\n   <\/div>\r\n\r\n<\/div>\t\t\t\t<\/div>\n\t\t\t\t<\/div>\n\t\t\t\t<\/div>\n\t\t\t\t<\/div>\n\t\t<div class=\"elementor-element elementor-element-8b9d5ad e-flex e-con-boxed e-con e-parent\" data-id=\"8b9d5ad\" data-element_type=\"container\" data-e-type=\"container\">\n\t\t\t\t\t<div class=\"e-con-inner\">\n\t\t\t\t<div class=\"elementor-element elementor-element-99b8fab elementor-widget elementor-widget-wptravelengine-destinations\" data-id=\"99b8fab\" data-element_type=\"widget\" data-e-type=\"widget\" data-widget_type=\"wptravelengine-destinations.default\">\n\t\t\t\t<div class=\"elementor-widget-container\">\n\t\t\t\t\t<div class=\"wp-block-wptravelengine wpte-gblock-wrapper wpte-elementor-widget\">\n\t<div class=\"category-grid wte-d-flex wte-layout-grid wpte-trip-list-wrapper default  wte-col-3 \t\">\n\t<div class=\"wpte-trip-category\">\n\t<div class=\"wpte-inner-container\">\n\t\t<div class=\"wpte-trip-category-img-wrap\">\n\t\t\t<figure class=\"thumbnail\">\n\t\t\t\t\t\t\t\t<a href=\"https:\/\/peruessence.pe\/es\/destinations\/cusco\/\">\n\t\t\t\t\t<img decoding=\"async\" src=\"https:\/\/peruessence.pe\/wp-content\/uploads\/2025\/09\/Cusco_PeruEssence-990x490.jpg\" alt=\"Best time to visit Cusco in the Andes mountains\" \/>\n\t\t\t\t<\/a>\n\t\t\t\t\t\t\t<\/figure>\n\t\t\t\t\t\t<div class=\"wpte-trip-category-overlay\">\n\t\t\t\t\t\t\t\t<div class=\"wpte-trip-subcat-wrap\">\n\t\t\t\t\t<a href=\"https:\/\/peruessence.pe\/es\/destinations\/cusco\/catedral-of-cusco\/\">Catedral of Cusco<\/a><a href=\"https:\/\/peruessence.pe\/es\/destinations\/cusco\/chonta-condor-viewpoint\/\">Chonta \u2013 Condor Viewpoint<\/a><a href=\"https:\/\/peruessence.pe\/es\/destinations\/cusco\/humantay-lake\/\">Humantay Lake<\/a><a href=\"https:\/\/peruessence.pe\/es\/destinations\/cusco\/kinsacocha-lake\/\">Kinsacocha Lake<\/a><a href=\"https:\/\/peruessence.pe\/es\/destinations\/cusco\/machu-picchu\/\">Machu Picchu<\/a><a href=\"https:\/\/peruessence.pe\/es\/destinations\/cusco\/pacaymayo\/\">Pacaymayo<\/a><a href=\"https:\/\/peruessence.pe\/es\/destinations\/cusco\/palcoyo\/\">Palcoyo<\/a><a href=\"https:\/\/peruessence.pe\/es\/destinations\/cusco\/pallay-punchu\/\">Pallay Punchu<\/a><a href=\"https:\/\/peruessence.pe\/es\/destinations\/cusco\/phuyupatamarca\/\">Phuyupatamarca<\/a><a href=\"https:\/\/peruessence.pe\/es\/destinations\/cusco\/plaza-of-armas-cusco\/\">Plaza of Armas Cusco<\/a><a href=\"https:\/\/peruessence.pe\/es\/destinations\/cusco\/puka-pukara\/\">Puka Pukara<\/a><a href=\"https:\/\/peruessence.pe\/es\/destinations\/cusco\/qenqo\/\">Qenqo<\/a><a href=\"https:\/\/peruessence.pe\/es\/destinations\/cusco\/qorikancha\/\">Qorikancha<\/a><a href=\"https:\/\/peruessence.pe\/es\/destinations\/cusco\/rainbow-mountain\/\">Rainbow mountain<\/a><a href=\"https:\/\/peruessence.pe\/es\/destinations\/cusco\/runkurakay\/\">Runkurakay<\/a><a href=\"https:\/\/peruessence.pe\/es\/destinations\/cusco\/sacsayhuaman\/\">Sacsayhuam\u00e1n<\/a><a href=\"https:\/\/peruessence.pe\/es\/destinations\/cusco\/sayacmarca\/\">Sayacmarca<\/a><a href=\"https:\/\/peruessence.pe\/es\/destinations\/cusco\/tambomachay\/\">Tambomachay<\/a><a href=\"https:\/\/peruessence.pe\/es\/destinations\/cusco\/waqra-pukara\/\">Waqra Pukara<\/a><a href=\"https:\/\/peruessence.pe\/es\/destinations\/cusco\/warmiwanusca\/\">Warmiwa\u00f1usca<\/a><a href=\"https:\/\/peruessence.pe\/es\/destinations\/cusco\/wayllabamba\/\">Wayllabamba<\/a><a href=\"https:\/\/peruessence.pe\/es\/destinations\/cusco\/winay-wayna\/\">Wi\u00f1ay Wayna<\/a>\t\t\t\t<\/div>\n\t\t\t\t\t\t\t\t\t\t\t<\/div>\n\t\t\t\t\t<\/div>\n\t\t\t\t\t<div class=\"wpte-trip-category-text-wrap\">\n\t\t\t\t<h2 class=\"wpte-trip-category-title\"><a href=\"https:\/\/peruessence.pe\/es\/destinations\/cusco\/\">Cusco<\/a>\n\t\t\t\t\t\t\t\t\t\t\t<span class=\"trip-count\">(5 Trips)<\/span>\n\t\t\t\t\t\t\t\t\t\t<span class=\"wpte-icon\">\n\t\t\t\t\t\t\t\t\t\t\t\t\t\t<svg width=\"16\" height=\"18\" viewBox=\"0 0 16 18\" fill=\"none\" xmlns=\"http:\/\/www.w3.org\/2000\/svg\"><path d=\"M15.8933 8.49342C15.8299 8.32975 15.7347 8.18022 15.6133 8.05342L8.94667 1.38675C8.82235 1.26243 8.67476 1.16382 8.51233 1.09654C8.3499 1.02926 8.17581 0.994629 8 0.994629C7.64493 0.994629 7.30441 1.13568 7.05333 1.38675C6.92902 1.51107 6.8304 1.65866 6.76312 1.82109C6.69584 1.98352 6.66121 2.15761 6.66121 2.33342C6.66121 2.68849 6.80226 3.02901 7.05333 3.28008L11.4533 7.66675H1.33333C0.979711 7.66675 0.640573 7.80723 0.390525 8.05728C0.140476 8.30733 0 8.64646 0 9.00009C0 9.35371 0.140476 9.69285 0.390525 9.94289C0.640573 10.1929 0.979711 10.3334 1.33333 10.3334H11.4533L7.05333 14.7201C6.92836 14.844 6.82917 14.9915 6.76148 15.154C6.69379 15.3165 6.65894 15.4907 6.65894 15.6668C6.65894 15.8428 6.69379 16.017 6.76148 16.1795C6.82917 16.342 6.92836 16.4895 7.05333 16.6134C7.17728 16.7384 7.32475 16.8376 7.48723 16.9053C7.64971 16.973 7.82398 17.0078 8 17.0078C8.17602 17.0078 8.35029 16.973 8.51277 16.9053C8.67525 16.8376 8.82272 16.7384 8.94667 16.6134L15.6133 9.94675C15.7347 9.81995 15.8299 9.67042 15.8933 9.50675C16.0267 9.18214 16.0267 8.81803 15.8933 8.49342Z\" fill=\"#2183DF\" \/><\/svg>\n\t\t\t\t\t\t\t\t\t\t\t\t\t\t<\/span>\n\t\t\t\t<\/h2>\n\t\t\t<\/div>\n\t\t\t<\/div>\n<\/div>\n<div class=\"wpte-trip-category\">\n\t<div class=\"wpte-inner-container\">\n\t\t<div class=\"wpte-trip-category-img-wrap\">\n\t\t\t<figure class=\"thumbnail\">\n\t\t\t\t\t\t\t\t<a href=\"https:\/\/peruessence.pe\/es\/destinations\/puno\/\">\n\t\t\t\t\t<img decoding=\"async\" src=\"https:\/\/peruessence.pe\/wp-content\/uploads\/2025\/10\/Puno_PeruEssence-990x490.jpg\" alt=\"High altitude landscapes between Cusco and Puno in the Andes\" \/>\n\t\t\t\t<\/a>\n\t\t\t\t\t\t\t<\/figure>\n\t\t\t\t\t\t<div class=\"wpte-trip-category-overlay\">\n\t\t\t\t\t\t\t\t<div class=\"wpte-trip-subcat-wrap\">\n\t\t\t\t\t<a href=\"https:\/\/peruessence.pe\/es\/destinations\/puno\/amantani\/\">Amantan\u00ed<\/a><a href=\"https:\/\/peruessence.pe\/es\/destinations\/puno\/sillustani\/\">Sillustani<\/a><a href=\"https:\/\/peruessence.pe\/es\/destinations\/puno\/taquile-island\/\">Taquile Island<\/a><a href=\"https:\/\/peruessence.pe\/es\/destinations\/puno\/titicaca-lake\/\">Titicaca Lake<\/a>\t\t\t\t<\/div>\n\t\t\t\t\t\t\t\t\t\t\t<\/div>\n\t\t\t\t\t<\/div>\n\t\t\t\t\t<div class=\"wpte-trip-category-text-wrap\">\n\t\t\t\t<h2 class=\"wpte-trip-category-title\"><a href=\"https:\/\/peruessence.pe\/es\/destinations\/puno\/\">Puno<\/a>\n\t\t\t\t\t\t\t\t\t\t\t<span class=\"trip-count\">(1 Trip)<\/span>\n\t\t\t\t\t\t\t\t\t\t<span class=\"wpte-icon\">\n\t\t\t\t\t\t\t\t\t\t\t\t\t\t<svg width=\"16\" height=\"18\" viewBox=\"0 0 16 18\" fill=\"none\" xmlns=\"http:\/\/www.w3.org\/2000\/svg\"><path d=\"M15.8933 8.49342C15.8299 8.32975 15.7347 8.18022 15.6133 8.05342L8.94667 1.38675C8.82235 1.26243 8.67476 1.16382 8.51233 1.09654C8.3499 1.02926 8.17581 0.994629 8 0.994629C7.64493 0.994629 7.30441 1.13568 7.05333 1.38675C6.92902 1.51107 6.8304 1.65866 6.76312 1.82109C6.69584 1.98352 6.66121 2.15761 6.66121 2.33342C6.66121 2.68849 6.80226 3.02901 7.05333 3.28008L11.4533 7.66675H1.33333C0.979711 7.66675 0.640573 7.80723 0.390525 8.05728C0.140476 8.30733 0 8.64646 0 9.00009C0 9.35371 0.140476 9.69285 0.390525 9.94289C0.640573 10.1929 0.979711 10.3334 1.33333 10.3334H11.4533L7.05333 14.7201C6.92836 14.844 6.82917 14.9915 6.76148 15.154C6.69379 15.3165 6.65894 15.4907 6.65894 15.6668C6.65894 15.8428 6.69379 16.017 6.76148 16.1795C6.82917 16.342 6.92836 16.4895 7.05333 16.6134C7.17728 16.7384 7.32475 16.8376 7.48723 16.9053C7.64971 16.973 7.82398 17.0078 8 17.0078C8.17602 17.0078 8.35029 16.973 8.51277 16.9053C8.67525 16.8376 8.82272 16.7384 8.94667 16.6134L15.6133 9.94675C15.7347 9.81995 15.8299 9.67042 15.8933 9.50675C16.0267 9.18214 16.0267 8.81803 15.8933 8.49342Z\" fill=\"#2183DF\" \/><\/svg>\n\t\t\t\t\t\t\t\t\t\t\t\t\t\t<\/span>\n\t\t\t\t<\/h2>\n\t\t\t<\/div>\n\t\t\t<\/div>\n<\/div>\n<div class=\"wpte-trip-category\">\n\t<div class=\"wpte-inner-container\">\n\t\t<div class=\"wpte-trip-category-img-wrap\">\n\t\t\t<figure class=\"thumbnail\">\n\t\t\t\t\t\t\t\t<a href=\"https:\/\/peruessence.pe\/es\/destinations\/sacred-valley\/\">\n\t\t\t\t\t<img decoding=\"async\" src=\"https:\/\/peruessence.pe\/wp-content\/uploads\/2025\/02\/Slider_Valle_Sagrado_PeruEssence-990x490.jpg\" alt=\"Sacred Valley tour from Cusco visiting ancient Inca sites in Peru\" \/>\n\t\t\t\t<\/a>\n\t\t\t\t\t\t\t<\/figure>\n\t\t\t\t\t\t<div class=\"wpte-trip-category-overlay\">\n\t\t\t\t\t\t\t\t<div class=\"wpte-trip-subcat-wrap\">\n\t\t\t\t\t<a href=\"https:\/\/peruessence.pe\/es\/destinations\/sacred-valley\/chinchero\/\">Chinchero<\/a><a href=\"https:\/\/peruessence.pe\/es\/destinations\/sacred-valley\/maras\/\">Maras<\/a><a href=\"https:\/\/peruessence.pe\/es\/destinations\/sacred-valley\/moray\/\">Moray<\/a><a href=\"https:\/\/peruessence.pe\/es\/destinations\/sacred-valley\/ollantaytambo\/\">Ollantaytambo<\/a>\t\t\t\t<\/div>\n\t\t\t\t\t\t\t\t\t\t\t<\/div>\n\t\t\t\t\t<\/div>\n\t\t\t\t\t<div class=\"wpte-trip-category-text-wrap\">\n\t\t\t\t<h2 class=\"wpte-trip-category-title\"><a href=\"https:\/\/peruessence.pe\/es\/destinations\/sacred-valley\/\">Sacred Valley<\/a>\n\t\t\t\t\t\t\t\t\t\t\t<span class=\"trip-count\">(3 Trips)<\/span>\n\t\t\t\t\t\t\t\t\t\t<span class=\"wpte-icon\">\n\t\t\t\t\t\t\t\t\t\t\t\t\t\t<svg width=\"16\" height=\"18\" viewBox=\"0 0 16 18\" fill=\"none\" xmlns=\"http:\/\/www.w3.org\/2000\/svg\"><path d=\"M15.8933 8.49342C15.8299 8.32975 15.7347 8.18022 15.6133 8.05342L8.94667 1.38675C8.82235 1.26243 8.67476 1.16382 8.51233 1.09654C8.3499 1.02926 8.17581 0.994629 8 0.994629C7.64493 0.994629 7.30441 1.13568 7.05333 1.38675C6.92902 1.51107 6.8304 1.65866 6.76312 1.82109C6.69584 1.98352 6.66121 2.15761 6.66121 2.33342C6.66121 2.68849 6.80226 3.02901 7.05333 3.28008L11.4533 7.66675H1.33333C0.979711 7.66675 0.640573 7.80723 0.390525 8.05728C0.140476 8.30733 0 8.64646 0 9.00009C0 9.35371 0.140476 9.69285 0.390525 9.94289C0.640573 10.1929 0.979711 10.3334 1.33333 10.3334H11.4533L7.05333 14.7201C6.92836 14.844 6.82917 14.9915 6.76148 15.154C6.69379 15.3165 6.65894 15.4907 6.65894 15.6668C6.65894 15.8428 6.69379 16.017 6.76148 16.1795C6.82917 16.342 6.92836 16.4895 7.05333 16.6134C7.17728 16.7384 7.32475 16.8376 7.48723 16.9053C7.64971 16.973 7.82398 17.0078 8 17.0078C8.17602 17.0078 8.35029 16.973 8.51277 16.9053C8.67525 16.8376 8.82272 16.7384 8.94667 16.6134L15.6133 9.94675C15.7347 9.81995 15.8299 9.67042 15.8933 9.50675C16.0267 9.18214 16.0267 8.81803 15.8933 8.49342Z\" fill=\"#2183DF\" \/><\/svg>\n\t\t\t\t\t\t\t\t\t\t\t\t\t\t<\/span>\n\t\t\t\t<\/h2>\n\t\t\t<\/div>\n\t\t\t<\/div>\n<\/div>\n\t<\/div>\n\t<\/div>\n\t\t\t\t\t<\/div>\n\t\t\t\t<\/div>\n\t\t\t\t\t<\/div>\n\t\t\t\t<\/div>\n\t\t\t\t<\/div>\n\t\t","protected":false},"excerpt":{"rendered":"<p>Explore Cusco, Puno &#038; the Sacred Valley Discover, live, travel Catedral of CuscoChonta \u2013 Condor ViewpointHumantay LakeKinsacocha LakeMachu PicchuPacaymayoPalcoyoPallay PunchuPhuyupatamarcaPlaza of Armas CuscoPuka PukaraQenqoQorikanchaRainbow mountainRunkurakaySacsayhuam\u00e1nSayacmarcaTambomachayWaqra PukaraWarmiwa\u00f1uscaWayllabambaWi\u00f1ay Wayna Cusco (5 Trips) [&hellip;]<\/p>\n","protected":false},"author":1,"featured_media":0,"parent":0,"menu_order":0,"comment_status":"closed","ping_status":"closed","template":"","meta":{"footnotes":""},"class_list":["post-1513","page","type-page","status-publish","hentry"],"_links":{"self":[{"href":"https:\/\/peruessence.pe\/es\/wp-json\/wp\/v2\/pages\/1513","targetHints":{"allow":["GET"]}}],"collection":[{"href":"https:\/\/peruessence.pe\/es\/wp-json\/wp\/v2\/pages"}],"about":[{"href":"https:\/\/peruessence.pe\/es\/wp-json\/wp\/v2\/types\/page"}],"author":[{"embeddable":true,"href":"https:\/\/peruessence.pe\/es\/wp-json\/wp\/v2\/users\/1"}],"replies":[{"embeddable":true,"href":"https:\/\/peruessence.pe\/es\/wp-json\/wp\/v2\/comments?post=1513"}],"version-history":[{"count":0,"href":"https:\/\/peruessence.pe\/es\/wp-json\/wp\/v2\/pages\/1513\/revisions"}],"wp:attachment":[{"href":"https:\/\/peruessence.pe\/es\/wp-json\/wp\/v2\/media?parent=1513"}],"curies":[{"name":"wp","href":"https:\/\/api.w.org\/{rel}","templated":true}]}}